{"id":93,"date":"2024-03-22T16:09:06","date_gmt":"2024-03-22T15:09:06","guid":{"rendered":"https:\/\/gerardmoriot.fr\/?page_id=93"},"modified":"2024-05-13T16:12:23","modified_gmt":"2024-05-13T14:12:23","slug":"ils-temoignent","status":"publish","type":"page","link":"https:\/\/gerardmoriot.fr\/index.php\/ils-temoignent\/","title":{"rendered":"Ils t\u00e9moignent"},"content":{"rendered":"\t\t<div data-elementor-type=\"wp-page\" data-elementor-id=\"93\" class=\"elementor elementor-93\">\n\t\t\t\t<div class=\"elementor-element elementor-element-b697641 e-flex e-con-boxed e-con e-parent\" data-id=\"b697641\" data-element_type=\"container\" data-e-type=\"container\">\n\t\t\t\t\t<div class=\"e-con-inner\">\n\t\t\t\t<div class=\"elementor-element elementor-element-4db58a0 elementor-invisible elementor-widget elementor-widget-heading\" data-id=\"4db58a0\" data-element_type=\"widget\" data-e-type=\"widget\" data-settings=\"{&quot;_animation&quot;:&quot;fadeIn&quot;}\" data-widget_type=\"heading.default\">\n\t\t\t\t<div class=\"elementor-widget-container\">\n\t\t\t\t\t<h2 class=\"elementor-heading-title elementor-size-default\">Ils sont mes clients fid\u00e8les, ils t\u00e9moignent<\/h2>\t\t\t\t<\/div>\n\t\t\t\t<\/div>\n\t\t\t\t\t<\/div>\n\t\t\t\t<\/div>\n\t\t<div class=\"elementor-element elementor-element-b8a6646 e-flex e-con-boxed e-con e-parent\" data-id=\"b8a6646\" data-element_type=\"container\" data-e-type=\"container\" data-settings=\"{&quot;background_background&quot;:&quot;classic&quot;}\">\n\t\t\t\t\t<div class=\"e-con-inner\">\n\t\t<div class=\"elementor-element elementor-element-784a47e e-con-full e-flex e-con e-child\" data-id=\"784a47e\" data-element_type=\"container\" data-e-type=\"container\">\n\t\t\t\t<div class=\"elementor-element elementor-element-0dba55b elementor-widget elementor-widget-image\" data-id=\"0dba55b\" data-element_type=\"widget\" data-e-type=\"widget\" data-widget_type=\"image.default\">\n\t\t\t\t<div class=\"elementor-widget-container\">\n\t\t\t\t\t\t\t\t\t\t\t\t\t\t\t<img fetchpriority=\"high\" decoding=\"async\" width=\"2560\" height=\"1920\" src=\"https:\/\/gerardmoriot.fr\/wp-content\/uploads\/2024\/05\/Clients-pro-Gerard-Moriot-scaled.jpg\" class=\"attachment-full size-full wp-image-366\" alt=\"\" srcset=\"https:\/\/gerardmoriot.fr\/wp-content\/uploads\/2024\/05\/Clients-pro-Gerard-Moriot-scaled.jpg 2560w, https:\/\/gerardmoriot.fr\/wp-content\/uploads\/2024\/05\/Clients-pro-Gerard-Moriot-300x225.jpg 300w, https:\/\/gerardmoriot.fr\/wp-content\/uploads\/2024\/05\/Clients-pro-Gerard-Moriot-1024x768.jpg 1024w, https:\/\/gerardmoriot.fr\/wp-content\/uploads\/2024\/05\/Clients-pro-Gerard-Moriot-768x576.jpg 768w, https:\/\/gerardmoriot.fr\/wp-content\/uploads\/2024\/05\/Clients-pro-Gerard-Moriot-1536x1152.jpg 1536w, https:\/\/gerardmoriot.fr\/wp-content\/uploads\/2024\/05\/Clients-pro-Gerard-Moriot-2048x1536.jpg 2048w\" sizes=\"(max-width: 2560px) 100vw, 2560px\" \/>\t\t\t\t\t\t\t\t\t\t\t\t\t\t\t<\/div>\n\t\t\t\t<\/div>\n\t\t\t\t<\/div>\n\t\t<div class=\"elementor-element elementor-element-9bbb2ab e-con-full e-flex e-con e-child\" data-id=\"9bbb2ab\" data-element_type=\"container\" data-e-type=\"container\">\n\t\t\t\t<div class=\"elementor-element elementor-element-3e4ef2a elementor-widget elementor-widget-text-editor\" data-id=\"3e4ef2a\" data-element_type=\"widget\" data-e-type=\"widget\" data-widget_type=\"text-editor.default\">\n\t\t\t\t<div class=\"elementor-widget-container\">\n\t\t\t\t\t\t\t\t\t<p><strong>Antoine Bayart\u00a0<\/strong><span style=\"text-align: var(--text-align); color: var(--ast-global-color-3); font-size: 1rem; font-weight: bold; background-color: var(--ast-global-color-5);\">\u00a0&amp;\u00a0<\/span><span style=\"font-size: 1rem; font-style: inherit; text-align: var(--text-align); color: var(--ast-global-color-3); font-weight: bold; background-color: var(--ast-global-color-5);\">Pierre L&rsquo;Helgoualc&rsquo;h\u00a0<\/span><span style=\"font-style: inherit; font-weight: inherit; text-align: var(--text-align); color: var(--ast-global-color-3); background-color: var(--ast-global-color-5);\">franchis\u00e9s\u00a0<\/span><a style=\"font-style: inherit; font-weight: inherit; text-align: var(--text-align);\" href=\"https:\/\/www.columbuscafe.com\/\" target=\"_blank\" rel=\"noopener\">Colombus Caf\u00e9<\/a><span style=\"font-style: inherit; font-weight: inherit; text-align: var(--text-align); color: var(--ast-global-color-3); background-color: var(--ast-global-color-5);\"> et <\/span><a style=\"font-style: inherit; font-weight: inherit; text-align: var(--text-align);\" href=\"https:\/\/taobento.fr\/\" target=\"_blank\" rel=\"noopener\">Taobento<\/a><span style=\"font-style: inherit; font-weight: inherit; text-align: var(--text-align); color: var(--ast-global-color-3); background-color: var(--ast-global-color-5);\"> en r\u00e9gion lyonnaise, et <a href=\"https:\/\/www.facebook.com\/belledulacannecy\/\" target=\"_blank\" rel=\"noopener\">Twenty Nails<\/a> \u00e0 Annecy.\u00a0<\/span><\/p><p><strong>Antoine<\/strong> : \u00ab\u00a0G\u00e9rard est avec nous depuis le d\u00e9but de l&rsquo;aventure en 2018, sur la partie assurances. Il assure nos 8 restaurants, et notre bar \u00e0 ongles. Nous lui avons confi\u00e9 la partie mutuelle et pr\u00e9voyance pour nos 100 salari\u00e9s. Il assure \u00e9galement mes biens personnels, et l&rsquo;entreprise de mon \u00e9pouse.\u00a0\u00bb<\/p><p><strong>Pierre<\/strong> : \u00a0\u00bb G\u00e9rard nous aide \u00e0 d\u00e9crypter le monde des assurances. Je n&rsquo;ai pas envie de passer du temps l\u00e0-dessus, je sais que lui va trouver les prestations qui correspondent \u00e0 nos besoins. D\u00e8s que j&rsquo;ai le moindre doute, le moindre probl\u00e8me, je l&rsquo;appelle, et je sais que les choses seront suivies. J&rsquo;ai \u00e9t\u00e9 \u00e9chaud\u00e9 par une assurance qui ne r\u00e9pondait jamais, l\u00e0, j&rsquo;ai toujours un interlocuteur attentif et r\u00e9actif. Et au del\u00e0 de son efficacit\u00e9, il y a le c\u00f4t\u00e9 humain : il passe nous voir, il nous contacte, c&rsquo;est fluide et agr\u00e9able.\u00a0\u00bb<\/p>\t\t\t\t\t\t\t\t<\/div>\n\t\t\t\t<\/div>\n\t\t\t\t<\/div>\n\t\t\t\t\t<\/div>\n\t\t\t\t<\/div>\n\t\t<div class=\"elementor-element elementor-element-489fda7 e-flex e-con-boxed e-con e-parent\" data-id=\"489fda7\" data-element_type=\"container\" data-e-type=\"container\" data-settings=\"{&quot;background_background&quot;:&quot;classic&quot;}\">\n\t\t\t\t\t<div class=\"e-con-inner\">\n\t\t<div class=\"elementor-element elementor-element-7408d11 e-con-full e-flex e-con e-child\" data-id=\"7408d11\" data-element_type=\"container\" data-e-type=\"container\">\n\t\t\t\t<div class=\"elementor-element elementor-element-8b537c6 elementor-widget elementor-widget-text-editor\" data-id=\"8b537c6\" data-element_type=\"widget\" data-e-type=\"widget\" data-widget_type=\"text-editor.default\">\n\t\t\t\t<div class=\"elementor-widget-container\">\n\t\t\t\t\t\t\t\t\t<p>Bernard<strong> Raybaud<\/strong> est directeur de l&rsquo;entreprise d&rsquo;\u00e9lectricit\u00e9 industrielle Selene,- ASI \u00e0 D\u00e9cine-Charpieu.<\/p><p>\u00a0\u00bb Je recherchais un courtier pour mettre en concurrence mes activit\u00e9s d\u2019assurances. G\u00e9rard a fait preuve d\u2019une grande r\u00e9activit\u00e9 et a, \u00e0 chaque fois, r\u00e9pondu \u00e0 mes attentes, que ce soit au niveau des garanties comme au niveau du prix. J\u2019ai pris plusieurs assurances :<\/p><ul><li>une<strong> assurance d\u00e9cennale<\/strong> qui me permet d\u2019assurer les prestations que je fais aupr\u00e8s de mes clients \u2013 principalement des coffrets \u00e9lectriques pour les industries. Cela nous permet d\u2019\u00eatre couverts s\u2019il y a des dommages caus\u00e9s par notre intervention dans les 10 ann\u00e9es.<\/li><li>une<strong> assurance pour les locaux<\/strong> que nous louons \u00e0 D\u00e9cines<\/li><li>une a<strong>ssurance pour nos v\u00e9hicules<\/strong> professionnels<\/li><li>une assurance \u00ab\u00a0dirigeant\u00a0\u00bb, pour les risques sociaux et prud\u2019hommaux<\/li><li>depuis 6 mois, j\u2019ai pris une assurance en <strong>cybers\u00e9curit\u00e9<\/strong>. C\u2019est un risque relativement nouveau mais qui fait beaucoup de d\u00e9g\u00e2ts. C\u2019est parce que certains de mes homologues ont subi des piratages de leur syst\u00e8me informatique que j\u2019ai d\u00e9cid\u00e9 d\u2019en souscrire une. Cela permet soit de payer la ran\u00e7on, soit de faire intervenir une \u00e9quipe informatique sp\u00e9cialis\u00e9e qui r\u00e9cup\u00e8re nos donn\u00e9es.<\/li><\/ul><p>Ce que j\u2019appr\u00e9cie avec G\u00e9rard, c\u2019est qu\u2019il est facilement joignable, et qu\u2019il est mon interlocuteur unique. J\u2019aime cette proximit\u00e9. Il est tr\u00e8s humain et sympathique, tout en ayant vraiment le soucis de trouver des solutions m\u00eame \u00e0 des situations les plus complexes. Il est tr\u00e8s pers\u00e9v\u00e9rant. \u00ab\u00a0<\/p>\t\t\t\t\t\t\t\t<\/div>\n\t\t\t\t<\/div>\n\t\t\t\t<\/div>\n\t\t<div class=\"elementor-element elementor-element-32e02a1 e-con-full e-flex e-con e-child\" data-id=\"32e02a1\" data-element_type=\"container\" data-e-type=\"container\">\n\t\t<div class=\"elementor-element elementor-element-301de4e e-flex e-con-boxed e-con e-child\" data-id=\"301de4e\" data-element_type=\"container\" data-e-type=\"container\">\n\t\t\t\t\t<div class=\"e-con-inner\">\n\t\t\t\t<div class=\"elementor-element elementor-element-3e73836 elementor-widget elementor-widget-image\" data-id=\"3e73836\" data-element_type=\"widget\" data-e-type=\"widget\" data-widget_type=\"image.default\">\n\t\t\t\t<div class=\"elementor-widget-container\">\n\t\t\t\t\t\t\t\t\t\t\t\t\t\t\t<img decoding=\"async\" width=\"510\" height=\"593\" src=\"https:\/\/gerardmoriot.fr\/wp-content\/uploads\/2024\/05\/Bernard-Raybaud-client-Gerard-Moriot.jpg\" class=\"attachment-medium_large size-medium_large wp-image-367\" alt=\"\" srcset=\"https:\/\/gerardmoriot.fr\/wp-content\/uploads\/2024\/05\/Bernard-Raybaud-client-Gerard-Moriot.jpg 510w, https:\/\/gerardmoriot.fr\/wp-content\/uploads\/2024\/05\/Bernard-Raybaud-client-Gerard-Moriot-258x300.jpg 258w\" sizes=\"(max-width: 510px) 100vw, 510px\" \/>\t\t\t\t\t\t\t\t\t\t\t\t\t\t\t<\/div>\n\t\t\t\t<\/div>\n\t\t\t\t\t<\/div>\n\t\t\t\t<\/div>\n\t\t<div class=\"elementor-element elementor-element-2f89905 e-flex e-con-boxed e-con e-child\" data-id=\"2f89905\" data-element_type=\"container\" data-e-type=\"container\">\n\t\t\t\t\t<div class=\"e-con-inner\">\n\t\t\t\t<div class=\"elementor-element elementor-element-2119ff2 elementor-widget elementor-widget-image\" data-id=\"2119ff2\" data-element_type=\"widget\" data-e-type=\"widget\" data-widget_type=\"image.default\">\n\t\t\t\t<div class=\"elementor-widget-container\">\n\t\t\t\t\t\t\t\t\t\t\t\t\t\t\t<img decoding=\"async\" width=\"580\" height=\"178\" src=\"https:\/\/gerardmoriot.fr\/wp-content\/uploads\/2024\/03\/image001-1.png\" class=\"attachment-large size-large wp-image-138\" alt=\"\" srcset=\"https:\/\/gerardmoriot.fr\/wp-content\/uploads\/2024\/03\/image001-1.png 580w, https:\/\/gerardmoriot.fr\/wp-content\/uploads\/2024\/03\/image001-1-300x92.png 300w\" sizes=\"(max-width: 580px) 100vw, 580px\" \/>\t\t\t\t\t\t\t\t\t\t\t\t\t\t\t<\/div>\n\t\t\t\t<\/div>\n\t\t\t\t\t<\/div>\n\t\t\t\t<\/div>\n\t\t\t\t<\/div>\n\t\t\t\t\t<\/div>\n\t\t\t\t<\/div>\n\t\t<div class=\"elementor-element elementor-element-46824db e-flex e-con-boxed e-con e-parent\" data-id=\"46824db\" data-element_type=\"container\" data-e-type=\"container\">\n\t\t\t\t\t<div class=\"e-con-inner\">\n\t\t<div class=\"elementor-element elementor-element-b0a4747 e-con-full e-flex e-con e-child\" data-id=\"b0a4747\" data-element_type=\"container\" data-e-type=\"container\">\n\t\t\t\t<div class=\"elementor-element elementor-element-b2a3c00 elementor-widget__width-initial elementor-widget elementor-widget-image\" data-id=\"b2a3c00\" data-element_type=\"widget\" data-e-type=\"widget\" data-widget_type=\"image.default\">\n\t\t\t\t<div class=\"elementor-widget-container\">\n\t\t\t\t\t\t\t\t\t\t\t\t\t\t\t<img loading=\"lazy\" decoding=\"async\" width=\"768\" height=\"1024\" src=\"https:\/\/gerardmoriot.fr\/wp-content\/uploads\/2024\/05\/Temoignage-client-prive-Gerard-Moriot-assureur-768x1024.jpg\" class=\"attachment-large size-large wp-image-369\" alt=\"\" srcset=\"https:\/\/gerardmoriot.fr\/wp-content\/uploads\/2024\/05\/Temoignage-client-prive-Gerard-Moriot-assureur-768x1024.jpg 768w, https:\/\/gerardmoriot.fr\/wp-content\/uploads\/2024\/05\/Temoignage-client-prive-Gerard-Moriot-assureur-225x300.jpg 225w, https:\/\/gerardmoriot.fr\/wp-content\/uploads\/2024\/05\/Temoignage-client-prive-Gerard-Moriot-assureur-1152x1536.jpg 1152w, https:\/\/gerardmoriot.fr\/wp-content\/uploads\/2024\/05\/Temoignage-client-prive-Gerard-Moriot-assureur-1536x2048.jpg 1536w, https:\/\/gerardmoriot.fr\/wp-content\/uploads\/2024\/05\/Temoignage-client-prive-Gerard-Moriot-assureur-scaled.jpg 1920w\" sizes=\"(max-width: 768px) 100vw, 768px\" \/>\t\t\t\t\t\t\t\t\t\t\t\t\t\t\t<\/div>\n\t\t\t\t<\/div>\n\t\t\t\t<\/div>\n\t\t<div class=\"elementor-element elementor-element-ff55a81 e-con-full e-flex e-con e-child\" data-id=\"ff55a81\" data-element_type=\"container\" data-e-type=\"container\">\n\t\t\t\t<div class=\"elementor-element elementor-element-0da7429 elementor-widget elementor-widget-text-editor\" data-id=\"0da7429\" data-element_type=\"widget\" data-e-type=\"widget\" data-widget_type=\"text-editor.default\">\n\t\t\t\t<div class=\"elementor-widget-container\">\n\t\t\t\t\t\t\t\t\t<p><strong>R\u00e9<\/strong><b>mi Pardon<\/b>, ancien directeur de l&rsquo;entreprise Pardon Electricit\u00e9 :<\/p>\n<p>\u00ab\u00a0J&rsquo;ai choisi G\u00e9rard comme assureur lors de mes deux derni\u00e8res ann\u00e9es d&rsquo;activit\u00e9 en tant qu&rsquo;\u00e9lectricien parce qu&rsquo;il m&rsquo;a fait une proposition \u00e0 un co\u00fbt moindre par rapport \u00e0 ce que j&rsquo;avais.<\/p><p>J&rsquo;ai pris mon assurance d\u00e9cennale, la responsabilit\u00e9 civile, l&rsquo;assurance pour mes 5 v\u00e9hicules professionnels et mes locaux de L&rsquo;Arbresle et d&rsquo;\u00c9veux.&nbsp;<\/p><p>Je suis maintenant \u00e0 la retraite, mais j&rsquo;ai gard\u00e9 G\u00e9rard pour mes assurances personnelles : j&rsquo;y ai mon assurance habitation, mes deux v\u00e9hicules, mon quad, les locaux que je mets en location. Et j&rsquo;ai incit\u00e9 mes deux fils \u00e0 faire comme moi. Ce que j&rsquo;appr\u00e9cie, c&rsquo;est que G\u00e9rard prend l&rsquo;initiative de remettre en concurrence les contrats, et m&rsquo;a propos\u00e9 une nouvelle assurance moins ch\u00e8re pour mes voitures, en les mettant en mode flotte, de sa propre initiative. C&rsquo;est vraiment \u00e7a que j&rsquo;appr\u00e9cie, en plus d&rsquo;un contact humain, de sa grande r\u00e9activit\u00e9 et sa proximit\u00e9.\u00a0\u00bb<\/p>\t\t\t\t\t\t\t\t<\/div>\n\t\t\t\t<\/div>\n\t\t\t\t<\/div>\n\t\t\t\t\t<\/div>\n\t\t\t\t<\/div>\n\t\t\t\t<\/div>\n\t\t","protected":false},"excerpt":{"rendered":"<p>Ils sont mes clients fid\u00e8les, ils t\u00e9moignent Antoine Bayart\u00a0\u00a0&amp;\u00a0Pierre L&rsquo;Helgoualc&rsquo;h\u00a0franchis\u00e9s\u00a0Colombus Caf\u00e9 et Taobento en r\u00e9gion lyonnaise, et Twenty Nails \u00e0 [&hellip;]<\/p>\n","protected":false},"author":1,"featured_media":0,"parent":0,"menu_order":0,"comment_status":"closed","ping_status":"closed","template":"","meta":{"site-sidebar-layout":"no-sidebar","site-content-layout":"","ast-site-content-layout":"full-width-container","site-content-style":"default","site-sidebar-style":"default","ast-global-header-display":"","ast-banner-title-visibility":"","ast-main-header-display":"","ast-hfb-above-header-display":"","ast-hfb-below-header-display":"","ast-hfb-mobile-header-display":"","site-post-title":"disabled","ast-breadcrumbs-content":"","ast-featured-img":"disabled","footer-sml-layout":"","theme-transparent-header-meta":"","adv-header-id-meta":"","stick-header-meta":"","header-above-stick-meta":"","header-main-stick-meta":"","header-below-stick-meta":"","astra-migrate-meta-layouts":"default","ast-page-background-enabled":"default","ast-page-background-meta":{"desktop":{"background-color":"var(--ast-global-color-4)","background-image":"","background-repeat":"repeat","background-position":"center center","background-size":"auto","background-attachment":"scroll","background-type":"","background-media":"","overlay-type":"","overlay-color":"","overlay-gradient":""},"tablet":{"background-color":"","background-image":"","background-repeat":"repeat","background-position":"center center","background-size":"auto","background-attachment":"scroll","background-type":"","background-media":"","overlay-type":"","overlay-color":"","overlay-gradient":""},"mobile":{"background-color":"","background-image":"","background-repeat":"repeat","background-position":"center center","background-size":"auto","background-attachment":"scroll","background-type":"","background-media":"","overlay-type":"","overlay-color":"","overlay-gradient":""}},"ast-content-background-meta":{"desktop":{"background-color":"var(--ast-global-color-5)","background-image":"","background-repeat":"repeat","background-position":"center center","background-size":"auto","background-attachment":"scroll","background-type":"","background-media":"","overlay-type":"","overlay-color":"","overlay-gradient":""},"tablet":{"background-color":"var(--ast-global-color-5)","background-image":"","background-repeat":"repeat","background-position":"center center","background-size":"auto","background-attachment":"scroll","background-type":"","background-media":"","overlay-type":"","overlay-color":"","overlay-gradient":""},"mobile":{"background-color":"var(--ast-global-color-5)","background-image":"","background-repeat":"repeat","background-position":"center center","background-size":"auto","background-attachment":"scroll","background-type":"","background-media":"","overlay-type":"","overlay-color":"","overlay-gradient":""}},"footnotes":""},"class_list":["post-93","page","type-page","status-publish","hentry"],"jetpack_sharing_enabled":true,"_links":{"self":[{"href":"https:\/\/gerardmoriot.fr\/index.php\/wp-json\/wp\/v2\/pages\/93","targetHints":{"allow":["GET"]}}],"collection":[{"href":"https:\/\/gerardmoriot.fr\/index.php\/wp-json\/wp\/v2\/pages"}],"about":[{"href":"https:\/\/gerardmoriot.fr\/index.php\/wp-json\/wp\/v2\/types\/page"}],"author":[{"embeddable":true,"href":"https:\/\/gerardmoriot.fr\/index.php\/wp-json\/wp\/v2\/users\/1"}],"replies":[{"embeddable":true,"href":"https:\/\/gerardmoriot.fr\/index.php\/wp-json\/wp\/v2\/comments?post=93"}],"version-history":[{"count":37,"href":"https:\/\/gerardmoriot.fr\/index.php\/wp-json\/wp\/v2\/pages\/93\/revisions"}],"predecessor-version":[{"id":372,"href":"https:\/\/gerardmoriot.fr\/index.php\/wp-json\/wp\/v2\/pages\/93\/revisions\/372"}],"wp:attachment":[{"href":"https:\/\/gerardmoriot.fr\/index.php\/wp-json\/wp\/v2\/media?parent=93"}],"curies":[{"name":"wp","href":"https:\/\/api.w.org\/{rel}","templated":true}]}}