{"id":8,"date":"2024-03-22T15:03:45","date_gmt":"2024-03-22T14:03:45","guid":{"rendered":"https:\/\/gerardmoriot.fr\/?page_id=8"},"modified":"2025-03-17T12:06:37","modified_gmt":"2025-03-17T11:06:37","slug":"accueil","status":"publish","type":"page","link":"https:\/\/gerardmoriot.fr\/","title":{"rendered":"Accueil"},"content":{"rendered":"\t\t<div data-elementor-type=\"wp-page\" data-elementor-id=\"8\" class=\"elementor elementor-8\">\n\t\t\t\t<div class=\"elementor-element elementor-element-d19f9a3 e-flex e-con-boxed e-con e-parent\" data-id=\"d19f9a3\" data-element_type=\"container\" data-e-type=\"container\" data-settings=\"{&quot;background_background&quot;:&quot;classic&quot;}\">\n\t\t\t\t\t<div class=\"e-con-inner\">\n\t\t\t\t<div class=\"elementor-element elementor-element-ac20f1b elementor-widget elementor-widget-ucaddon_transparent_split_hero\" data-id=\"ac20f1b\" data-element_type=\"widget\" data-e-type=\"widget\" data-widget_type=\"ucaddon_transparent_split_hero.default\">\n\t\t\t\t<div class=\"elementor-widget-container\">\n\t\t\t\t\t\n<!-- start Transparent Split Hero -->\n\t\t<link id='uc_assets_uc_photography_header_uc_photography_header_css-css' href='https:\/\/gerardmoriot.fr\/wp-content\/uploads\/ac_assets\/uc_photography_header\/uc_photography_header.css' type='text\/css' rel='stylesheet' >\n\n<style>\/* widget: Transparent Split Hero *\/\n\n.uc_photography_header *{\n\tmargin:0;\n\tpadding:0;\n\t-webkit-box-sizing: border-box;\n\t-moz-box-sizing: border-box;\n\tbox-sizing: border-box;\n\t\n}\n#uc_transparent_split_hero_elementor_ac20f1b\n{\n\tposition:relative;\n\twidth:100%;\n    background-position:center;\n    background-size:cover;\n    background-image:url(https:\/\/gerardmoriot.fr\/wp-content\/uploads\/2024\/05\/Gerard-Moriot-Assurances-image-accueil--scaled.jpg);\n    display:flex;\n    overflow:hidden;\n    \n}\n\n#uc_transparent_split_hero_elementor_ac20f1b > div\n{\n  height:100%;\n  display:flex;\n    align-items:center;\n}\n\n.uc_photography_header .uc_container_text_box{ \n  text-align:left;\n}\n\n.uc_photography_header .uc_subtitle\n{\n  font-size:42px;\n}\n\n.uc_photography_header .uc_container_text_box a{\n\tborder-style:solid;\n\tdisplay:inline-block;\n}\n\n<\/style>\n\n<div class=\"uc_photography_header\" id=\"uc_transparent_split_hero_elementor_ac20f1b\">    \t      \n  <div class=\"uc_container_text_box\">  \n  <div>\n        <div class=\"uc_title\">G\u00e9rard Moriot<\/div>\n        <div class=\"uc_subtitle\">Courtier en assurances<\/div>\n        <div class=\"uc_text\">Je vous accompagne, que vous soyez un particulier ou un professionnel, dans le choix d\u2019assurances multirisques adapt\u00e9es \u00e0 vos besoins. \n                             \nJe recherche pour vous les meilleures options. \n\n\nJe privil\u00e9gie la proximit\u00e9, l'\u00e9coute et l'empathie.<\/div>\n        <a class=\"uc_btn\" href=\"https:\/\/gerardmoriot.fr\/index.php\/contact\/\"  target='_blank'>Conctactez-moi<\/a>\n    <\/div>\n  <\/div>\n<\/div>\n<!-- end Transparent Split Hero -->\t\t\t\t<\/div>\n\t\t\t\t<\/div>\n\t\t\t\t\t<\/div>\n\t\t\t\t<\/div>\n\t\t<div class=\"elementor-element elementor-element-988dc35 e-flex e-con-boxed e-con e-parent\" data-id=\"988dc35\" data-element_type=\"container\" data-e-type=\"container\" data-settings=\"{&quot;background_background&quot;:&quot;classic&quot;}\">\n\t\t\t\t\t<div class=\"e-con-inner\">\n\t\t\t\t<div class=\"elementor-element elementor-element-2b98150 elementor-align-center elementor-widget elementor-widget-button\" data-id=\"2b98150\" data-element_type=\"widget\" data-e-type=\"widget\" data-widget_type=\"button.default\">\n\t\t\t\t<div class=\"elementor-widget-container\">\n\t\t\t\t\t\t\t\t\t<div class=\"elementor-button-wrapper\">\n\t\t\t\t\t<a class=\"elementor-button elementor-button-link elementor-size-sm\" href=\"https:\/\/gerardmoriot.fr\/index.php\/qui-suis-je\/\">\n\t\t\t\t\t\t<span class=\"elementor-button-content-wrapper\">\n\t\t\t\t\t\t\t\t\t<span class=\"elementor-button-text\">Qui suis-je ?<\/span>\n\t\t\t\t\t<\/span>\n\t\t\t\t\t<\/a>\n\t\t\t\t<\/div>\n\t\t\t\t\t\t\t\t<\/div>\n\t\t\t\t<\/div>\n\t\t\t\t<div class=\"elementor-element elementor-element-d8098fd elementor-align-center elementor-widget elementor-widget-button\" data-id=\"d8098fd\" data-element_type=\"widget\" data-e-type=\"widget\" data-widget_type=\"button.default\">\n\t\t\t\t<div class=\"elementor-widget-container\">\n\t\t\t\t\t\t\t\t\t<div class=\"elementor-button-wrapper\">\n\t\t\t\t\t<a class=\"elementor-button elementor-button-link elementor-size-sm\" href=\"https:\/\/gerardmoriot.fr\/index.php\/mes-offres\/\">\n\t\t\t\t\t\t<span class=\"elementor-button-content-wrapper\">\n\t\t\t\t\t\t\t\t\t<span class=\"elementor-button-text\">Mes offres<\/span>\n\t\t\t\t\t<\/span>\n\t\t\t\t\t<\/a>\n\t\t\t\t<\/div>\n\t\t\t\t\t\t\t\t<\/div>\n\t\t\t\t<\/div>\n\t\t\t\t\t<\/div>\n\t\t\t\t<\/div>\n\t\t<div class=\"elementor-element elementor-element-c4777c4 e-flex e-con-boxed e-con e-parent\" data-id=\"c4777c4\" data-element_type=\"container\" data-e-type=\"container\" data-settings=\"{&quot;background_background&quot;:&quot;classic&quot;}\">\n\t\t\t\t\t<div class=\"e-con-inner\">\n\t\t\t\t<div class=\"elementor-element elementor-element-c937350 elementor-widget elementor-widget-rating\" data-id=\"c937350\" data-element_type=\"widget\" data-e-type=\"widget\" data-widget_type=\"rating.default\">\n\t\t\t\t<div class=\"elementor-widget-container\">\n\t\t\t\t\t\t\t<div class=\"e-rating\" itemtype=\"https:\/\/schema.org\/Rating\" itemscope=\"\" itemprop=\"reviewRating\">\n\t\t\t<meta itemprop=\"worstRating\" content=\"0\">\n\t\t\t<meta itemprop=\"bestRating\" content=\"5\">\n\t\t\t<div class=\"e-rating-wrapper\" itemprop=\"ratingValue\" content=\"5\" role=\"img\" aria-label=\"Not\u00e9 5 sur 5\">\n\t\t\t\t\t\t\t<div class=\"e-icon\">\n\t\t\t\t<div class=\"e-icon-wrapper e-icon-marked\">\n\t\t\t\t\t<svg aria-hidden=\"true\" class=\"e-font-icon-svg e-eicon-star\" viewBox=\"0 0 1000 1000\" xmlns=\"http:\/\/www.w3.org\/2000\/svg\"><path d=\"M450 75L338 312 88 350C46 354 25 417 58 450L238 633 196 896C188 942 238 975 275 954L500 837 725 954C767 975 813 942 804 896L763 633 942 450C975 417 954 358 913 350L663 312 550 75C529 33 471 33 450 75Z\"><\/path><\/svg>\t\t\t\t<\/div>\n\t\t\t\t<div class=\"e-icon-wrapper e-icon-unmarked\">\n\t\t\t\t\t<svg aria-hidden=\"true\" class=\"e-font-icon-svg e-eicon-star\" viewBox=\"0 0 1000 1000\" xmlns=\"http:\/\/www.w3.org\/2000\/svg\"><path d=\"M450 75L338 312 88 350C46 354 25 417 58 450L238 633 196 896C188 942 238 975 275 954L500 837 725 954C767 975 813 942 804 896L763 633 942 450C975 417 954 358 913 350L663 312 550 75C529 33 471 33 450 75Z\"><\/path><\/svg>\t\t\t\t<\/div>\n\t\t\t<\/div>\n\t\t\t\t\t\t<div class=\"e-icon\">\n\t\t\t\t<div class=\"e-icon-wrapper e-icon-marked\">\n\t\t\t\t\t<svg aria-hidden=\"true\" class=\"e-font-icon-svg e-eicon-star\" viewBox=\"0 0 1000 1000\" xmlns=\"http:\/\/www.w3.org\/2000\/svg\"><path d=\"M450 75L338 312 88 350C46 354 25 417 58 450L238 633 196 896C188 942 238 975 275 954L500 837 725 954C767 975 813 942 804 896L763 633 942 450C975 417 954 358 913 350L663 312 550 75C529 33 471 33 450 75Z\"><\/path><\/svg>\t\t\t\t<\/div>\n\t\t\t\t<div class=\"e-icon-wrapper e-icon-unmarked\">\n\t\t\t\t\t<svg aria-hidden=\"true\" class=\"e-font-icon-svg e-eicon-star\" viewBox=\"0 0 1000 1000\" xmlns=\"http:\/\/www.w3.org\/2000\/svg\"><path d=\"M450 75L338 312 88 350C46 354 25 417 58 450L238 633 196 896C188 942 238 975 275 954L500 837 725 954C767 975 813 942 804 896L763 633 942 450C975 417 954 358 913 350L663 312 550 75C529 33 471 33 450 75Z\"><\/path><\/svg>\t\t\t\t<\/div>\n\t\t\t<\/div>\n\t\t\t\t\t\t<div class=\"e-icon\">\n\t\t\t\t<div class=\"e-icon-wrapper e-icon-marked\">\n\t\t\t\t\t<svg aria-hidden=\"true\" class=\"e-font-icon-svg e-eicon-star\" viewBox=\"0 0 1000 1000\" xmlns=\"http:\/\/www.w3.org\/2000\/svg\"><path d=\"M450 75L338 312 88 350C46 354 25 417 58 450L238 633 196 896C188 942 238 975 275 954L500 837 725 954C767 975 813 942 804 896L763 633 942 450C975 417 954 358 913 350L663 312 550 75C529 33 471 33 450 75Z\"><\/path><\/svg>\t\t\t\t<\/div>\n\t\t\t\t<div class=\"e-icon-wrapper e-icon-unmarked\">\n\t\t\t\t\t<svg aria-hidden=\"true\" class=\"e-font-icon-svg e-eicon-star\" viewBox=\"0 0 1000 1000\" xmlns=\"http:\/\/www.w3.org\/2000\/svg\"><path d=\"M450 75L338 312 88 350C46 354 25 417 58 450L238 633 196 896C188 942 238 975 275 954L500 837 725 954C767 975 813 942 804 896L763 633 942 450C975 417 954 358 913 350L663 312 550 75C529 33 471 33 450 75Z\"><\/path><\/svg>\t\t\t\t<\/div>\n\t\t\t<\/div>\n\t\t\t\t\t\t<div class=\"e-icon\">\n\t\t\t\t<div class=\"e-icon-wrapper e-icon-marked\">\n\t\t\t\t\t<svg aria-hidden=\"true\" class=\"e-font-icon-svg e-eicon-star\" viewBox=\"0 0 1000 1000\" xmlns=\"http:\/\/www.w3.org\/2000\/svg\"><path d=\"M450 75L338 312 88 350C46 354 25 417 58 450L238 633 196 896C188 942 238 975 275 954L500 837 725 954C767 975 813 942 804 896L763 633 942 450C975 417 954 358 913 350L663 312 550 75C529 33 471 33 450 75Z\"><\/path><\/svg>\t\t\t\t<\/div>\n\t\t\t\t<div class=\"e-icon-wrapper e-icon-unmarked\">\n\t\t\t\t\t<svg aria-hidden=\"true\" class=\"e-font-icon-svg e-eicon-star\" viewBox=\"0 0 1000 1000\" xmlns=\"http:\/\/www.w3.org\/2000\/svg\"><path d=\"M450 75L338 312 88 350C46 354 25 417 58 450L238 633 196 896C188 942 238 975 275 954L500 837 725 954C767 975 813 942 804 896L763 633 942 450C975 417 954 358 913 350L663 312 550 75C529 33 471 33 450 75Z\"><\/path><\/svg>\t\t\t\t<\/div>\n\t\t\t<\/div>\n\t\t\t\t\t\t<div class=\"e-icon\">\n\t\t\t\t<div class=\"e-icon-wrapper e-icon-marked\">\n\t\t\t\t\t<svg aria-hidden=\"true\" class=\"e-font-icon-svg e-eicon-star\" viewBox=\"0 0 1000 1000\" xmlns=\"http:\/\/www.w3.org\/2000\/svg\"><path d=\"M450 75L338 312 88 350C46 354 25 417 58 450L238 633 196 896C188 942 238 975 275 954L500 837 725 954C767 975 813 942 804 896L763 633 942 450C975 417 954 358 913 350L663 312 550 75C529 33 471 33 450 75Z\"><\/path><\/svg>\t\t\t\t<\/div>\n\t\t\t\t<div class=\"e-icon-wrapper e-icon-unmarked\">\n\t\t\t\t\t<svg aria-hidden=\"true\" class=\"e-font-icon-svg e-eicon-star\" viewBox=\"0 0 1000 1000\" xmlns=\"http:\/\/www.w3.org\/2000\/svg\"><path d=\"M450 75L338 312 88 350C46 354 25 417 58 450L238 633 196 896C188 942 238 975 275 954L500 837 725 954C767 975 813 942 804 896L763 633 942 450C975 417 954 358 913 350L663 312 550 75C529 33 471 33 450 75Z\"><\/path><\/svg>\t\t\t\t<\/div>\n\t\t\t<\/div>\n\t\t\t\t\t\t<\/div>\n\t\t<\/div>\n\t\t\t\t\t\t<\/div>\n\t\t\t\t<\/div>\n\t\t\t\t<div class=\"elementor-element elementor-element-d57d763 elementor-widget__width-initial elementor-widget elementor-widget-ucaddon_blox_material_blockquote\" data-id=\"d57d763\" data-element_type=\"widget\" data-e-type=\"widget\" data-widget_type=\"ucaddon_blox_material_blockquote.default\">\n\t\t\t\t<div class=\"elementor-widget-container\">\n\t\t\t\t\t\n<!-- start Block Quote Carousel Box -->\n\t\t<link id='font-awesome-css' href='https:\/\/gerardmoriot.fr\/wp-content\/plugins\/unlimited-elements-for-elementor\/assets_libraries\/font-awesome6\/fontawesome-all.min.css' type='text\/css' rel='stylesheet' >\n\t\t<link id='font-awesome-4-shim-css' href='https:\/\/gerardmoriot.fr\/wp-content\/plugins\/unlimited-elements-for-elementor\/assets_libraries\/font-awesome6\/fontawesome-v4-shims.min.css' type='text\/css' rel='stylesheet' >\n\t\t<link id='uc_ac_assets_file_blox_material_blockquote_css_1669-css' href='https:\/\/gerardmoriot.fr\/wp-content\/uploads\/ac_assets\/blox_material_blockquote\/blox-material-blockquote.css' type='text\/css' rel='stylesheet' >\n\t\t<link id='uc_ac_assets_file_slick_css_1776-css' href='https:\/\/gerardmoriot.fr\/wp-content\/uploads\/ac_assets\/blox_material_blockquote\/slick.css' type='text\/css' rel='stylesheet' >\n\n\n<div class=\"blox-material-blockquote\" style=\"text-align:center; direction:ltr; background-color:#ffffff;\" id=\"uc_blox_material_blockquote_elementor_d57d763\">\n    \t<div class=\"blox-slide\">\n        \t<div class=\"blox-item\">\n                <div class=\"blox-head\" style=\"background-color:#0B4495; color:#ffffff;\">\n                    <img decoding=\"async\" src=\"https:\/\/gerardmoriot.fr\/wp-content\/uploads\/2024\/03\/Bernard-Raybaud.jpg\" alt=\"\">\n                <\/div>\n                <div class=\"blox-content\" style=\"background-color:#ffffff;\">\n                    <i style=\"color:#000000;\" class=\"fas fa-quote-left\"><\/i>\n                    <div class=\"blox-description\">\n                   \t\t\u201cNotre relation est fond\u00e9e sur la confiance.\u201d\n                   \t<\/div>\n                    <i style=\"color:#000000;\" class=\"fas fa-quote-right\"><\/i>\n                    <div style=\"color:#BBC1C4;\" class=\"blox-author\">- Bernard Raybaud<\/div>\n                <\/div>\n            <\/div>\n<div class=\"blox-item\">\n                <div class=\"blox-head\" style=\"background-color:#0B4495; color:#ffffff;\">\n                    <img decoding=\"async\" src=\"https:\/\/gerardmoriot.fr\/wp-content\/uploads\/2024\/03\/IMG_3783-1.jpg\" alt=\"\">\n                <\/div>\n                <div class=\"blox-content\" style=\"background-color:#ffffff;\">\n                    <i style=\"color:#000000;\" class=\"fas fa-quote-left\"><\/i>\n                    <div class=\"blox-description\">\n                   \t\t\u201cG\u00e9rard nous accompagne depuis le d\u00e9but de notre aventure entrepreneuriale.\u201d\n                   \t<\/div>\n                    <i style=\"color:#000000;\" class=\"fas fa-quote-right\"><\/i>\n                    <div style=\"color:#BBC1C4;\" class=\"blox-author\">-  Antoine Bayart  & Pierre L\u2019Helgoualc\u2019h<\/div>\n                <\/div>\n            <\/div>\n<div class=\"blox-item\">\n                <div class=\"blox-head\" style=\"background-color:#0B4495; color:#ffffff;\">\n                    <img decoding=\"async\" src=\"https:\/\/gerardmoriot.fr\/wp-content\/uploads\/2024\/04\/IMG_3855-scaled.jpg\" alt=\"\">\n                <\/div>\n                <div class=\"blox-content\" style=\"background-color:#ffffff;\">\n                    <i style=\"color:#000000;\" class=\"fas fa-quote-left\"><\/i>\n                    <div class=\"blox-description\">\n                   \t\t\u201cDes tarifs plus avantageux, avec des contrats remis en concurrence de sa propre initiative.\u201d\n                   \t<\/div>\n                    <i style=\"color:#000000;\" class=\"fas fa-quote-right\"><\/i>\n                    <div style=\"color:#BBC1C4;\" class=\"blox-author\">- R\u00e9mi Pardon<\/div>\n                <\/div>\n            <\/div>\n\n        <\/div>\n    <\/div>\n<!-- end Block Quote Carousel Box -->\t\t\t\t<\/div>\n\t\t\t\t<\/div>\n\t\t\t\t<div class=\"elementor-element elementor-element-bcb094e elementor-align-center elementor-widget elementor-widget-button\" data-id=\"bcb094e\" data-element_type=\"widget\" data-e-type=\"widget\" data-widget_type=\"button.default\">\n\t\t\t\t<div class=\"elementor-widget-container\">\n\t\t\t\t\t\t\t\t\t<div class=\"elementor-button-wrapper\">\n\t\t\t\t\t<a class=\"elementor-button elementor-button-link elementor-size-sm\" href=\"https:\/\/gerardmoriot.fr\/index.php\/ils-temoignent\/\">\n\t\t\t\t\t\t<span class=\"elementor-button-content-wrapper\">\n\t\t\t\t\t\t\t\t\t<span class=\"elementor-button-text\">D\u00e9couvrez les t\u00e9moignages complets<\/span>\n\t\t\t\t\t<\/span>\n\t\t\t\t\t<\/a>\n\t\t\t\t<\/div>\n\t\t\t\t\t\t\t\t<\/div>\n\t\t\t\t<\/div>\n\t\t\t\t\t<\/div>\n\t\t\t\t<\/div>\n\t\t<div class=\"elementor-element elementor-element-83f6dfb e-flex e-con-boxed e-con e-parent\" data-id=\"83f6dfb\" data-element_type=\"container\" data-e-type=\"container\">\n\t\t\t\t\t<div class=\"e-con-inner\">\n\t\t\t\t\t<\/div>\n\t\t\t\t<\/div>\n\t\t\t\t<\/div>\n\t\t","protected":false},"excerpt":{"rendered":"<p>G\u00e9rard Moriot Courtier en assurances Je vous accompagne, que vous soyez un particulier ou un professionnel, dans le choix d\u2019assurances [&hellip;]<\/p>\n","protected":false},"author":1,"featured_media":107,"parent":0,"menu_order":0,"comment_status":"closed","ping_status":"closed","template":"elementor_canvas","meta":{"site-sidebar-layout":"no-sidebar","site-content-layout":"","ast-site-content-layout":"full-width-container","site-content-style":"default","site-sidebar-style":"default","ast-global-header-display":"","ast-banner-title-visibility":"","ast-main-header-display":"","ast-hfb-above-header-display":"","ast-hfb-below-header-display":"","ast-hfb-mobile-header-display":"","site-post-title":"disabled","ast-breadcrumbs-content":"","ast-featured-img":"","footer-sml-layout":"","theme-transparent-header-meta":"","adv-header-id-meta":"","stick-header-meta":"","header-above-stick-meta":"","header-main-stick-meta":"","header-below-stick-meta":"","astra-migrate-meta-layouts":"default","ast-page-background-enabled":"default","ast-page-background-meta":{"desktop":{"background-color":"var(--ast-global-color-4)","background-image":"","background-repeat":"repeat","background-position":"center center","background-size":"auto","background-attachment":"scroll","background-type":"","background-media":"","overlay-type":"","overlay-color":"","overlay-gradient":""},"tablet":{"background-color":"","background-image":"","background-repeat":"repeat","background-position":"center center","background-size":"auto","background-attachment":"scroll","background-type":"","background-media":"","overlay-type":"","overlay-color":"","overlay-gradient":""},"mobile":{"background-color":"","background-image":"","background-repeat":"repeat","background-position":"center center","background-size":"auto","background-attachment":"scroll","background-type":"","background-media":"","overlay-type":"","overlay-color":"","overlay-gradient":""}},"ast-content-background-meta":{"desktop":{"background-color":"var(--ast-global-color-5)","background-image":"","background-repeat":"repeat","background-position":"center center","background-size":"auto","background-attachment":"scroll","background-type":"","background-media":"","overlay-type":"","overlay-color":"","overlay-gradient":""},"tablet":{"background-color":"var(--ast-global-color-5)","background-image":"","background-repeat":"repeat","background-position":"center center","background-size":"auto","background-attachment":"scroll","background-type":"","background-media":"","overlay-type":"","overlay-color":"","overlay-gradient":""},"mobile":{"background-color":"var(--ast-global-color-5)","background-image":"","background-repeat":"repeat","background-position":"center center","background-size":"auto","background-attachment":"scroll","background-type":"","background-media":"","overlay-type":"","overlay-color":"","overlay-gradient":""}},"footnotes":""},"class_list":["post-8","page","type-page","status-publish","has-post-thumbnail","hentry"],"jetpack_sharing_enabled":true,"_links":{"self":[{"href":"https:\/\/gerardmoriot.fr\/index.php\/wp-json\/wp\/v2\/pages\/8","targetHints":{"allow":["GET"]}}],"collection":[{"href":"https:\/\/gerardmoriot.fr\/index.php\/wp-json\/wp\/v2\/pages"}],"about":[{"href":"https:\/\/gerardmoriot.fr\/index.php\/wp-json\/wp\/v2\/types\/page"}],"author":[{"embeddable":true,"href":"https:\/\/gerardmoriot.fr\/index.php\/wp-json\/wp\/v2\/users\/1"}],"replies":[{"embeddable":true,"href":"https:\/\/gerardmoriot.fr\/index.php\/wp-json\/wp\/v2\/comments?post=8"}],"version-history":[{"count":83,"href":"https:\/\/gerardmoriot.fr\/index.php\/wp-json\/wp\/v2\/pages\/8\/revisions"}],"predecessor-version":[{"id":459,"href":"https:\/\/gerardmoriot.fr\/index.php\/wp-json\/wp\/v2\/pages\/8\/revisions\/459"}],"wp:featuredmedia":[{"embeddable":true,"href":"https:\/\/gerardmoriot.fr\/index.php\/wp-json\/wp\/v2\/media\/107"}],"wp:attachment":[{"href":"https:\/\/gerardmoriot.fr\/index.php\/wp-json\/wp\/v2\/media?parent=8"}],"curies":[{"name":"wp","href":"https:\/\/api.w.org\/{rel}","templated":true}]}}